{"id":36,"date":"2024-03-30T14:53:35","date_gmt":"2024-03-30T13:53:35","guid":{"rendered":"https:\/\/l-enfant-et-la-neophobie.cl-sites-creation.fr\/?page_id=36"},"modified":"2024-04-10T16:21:45","modified_gmt":"2024-04-10T14:21:45","slug":"menus","status":"publish","type":"page","link":"https:\/\/l-enfant-et-la-neophobie.cl-sites-creation.fr\/index.php\/menus\/","title":{"rendered":"Menus"},"content":{"rendered":"\t\t<div data-elementor-type=\"wp-page\" data-elementor-id=\"36\" class=\"elementor elementor-36\">\n\t\t\t\t<div class=\"elementor-element elementor-element-f5e4237 e-flex e-con-boxed e-con e-parent\" data-id=\"f5e4237\" data-element_type=\"container\" data-settings=\"{&quot;background_background&quot;:&quot;classic&quot;}\" data-core-v316-plus=\"true\">\n\t\t\t\t\t<div class=\"e-con-inner\">\n\t\t\t\t<div class=\"elementor-element elementor-element-d1344c5 elementor-widget elementor-widget-heading\" data-id=\"d1344c5\" data-element_type=\"widget\" data-widget_type=\"heading.default\">\n\t\t\t\t<div class=\"elementor-widget-container\">\n\t\t\t<style>\/*! elementor - v3.20.0 - 26-03-2024 *\/\n.elementor-heading-title{padding:0;margin:0;line-height:1}.elementor-widget-heading .elementor-heading-title[class*=elementor-size-]>a{color:inherit;font-size:inherit;line-height:inherit}.elementor-widget-heading .elementor-heading-title.elementor-size-small{font-size:15px}.elementor-widget-heading .elementor-heading-title.elementor-size-medium{font-size:19px}.elementor-widget-heading .elementor-heading-title.elementor-size-large{font-size:29px}.elementor-widget-heading .elementor-heading-title.elementor-size-xl{font-size:39px}.elementor-widget-heading .elementor-heading-title.elementor-size-xxl{font-size:59px}<\/style><h2 class=\"elementor-heading-title elementor-size-default\">Menus<\/h2>\t\t<\/div>\n\t\t\t\t<\/div>\n\t\t\t\t\t<\/div>\n\t\t\t\t<\/div>\n\t\t<div class=\"elementor-element elementor-element-5aa3a6a e-con-full e-flex e-con e-parent\" data-id=\"5aa3a6a\" data-element_type=\"container\" data-settings=\"{&quot;background_background&quot;:&quot;classic&quot;}\" data-core-v316-plus=\"true\">\n\t\t<div class=\"elementor-element elementor-element-d5c06e2 e-con-full e-flex e-con e-child\" data-id=\"d5c06e2\" data-element_type=\"container\" data-settings=\"{&quot;background_background&quot;:&quot;classic&quot;}\">\n\t\t<div class=\"elementor-element elementor-element-75d82d1 e-con-full e-flex e-con e-child\" data-id=\"75d82d1\" data-element_type=\"container\">\n\t\t\t\t<div class=\"elementor-element elementor-element-e8f42cb elementor-widget elementor-widget-text-editor\" data-id=\"e8f42cb\" data-element_type=\"widget\" data-widget_type=\"text-editor.default\">\n\t\t\t\t<div class=\"elementor-widget-container\">\n\t\t\t<style>\/*! elementor - v3.20.0 - 26-03-2024 *\/\n.elementor-widget-text-editor.elementor-drop-cap-view-stacked .elementor-drop-cap{background-color:#69727d;color:#fff}.elementor-widget-text-editor.elementor-drop-cap-view-framed .elementor-drop-cap{color:#69727d;border:3px solid;background-color:transparent}.elementor-widget-text-editor:not(.elementor-drop-cap-view-default) .elementor-drop-cap{margin-top:8px}.elementor-widget-text-editor:not(.elementor-drop-cap-view-default) .elementor-drop-cap-letter{width:1em;height:1em}.elementor-widget-text-editor .elementor-drop-cap{float:left;text-align:center;line-height:1;font-size:50px}.elementor-widget-text-editor .elementor-drop-cap-letter{display:inline-block}<\/style>\t\t\t\t<p style=\"text-align: center;\"><span style=\"color: #000000;\"><strong>Menu pour enfant de 6-8 mois<\/strong><\/span><\/p><p style=\"text-align: left;\"><strong><span style=\"text-decoration: underline; color: #800000;\">Petit-d\u00e9jeuner :<\/span><\/strong><br \/><span style=\"color: #000000;\">Biberon<\/span><br \/><span style=\"color: #800000;\"><strong><span style=\"text-decoration: underline;\">D\u00e9jeuner :<\/span><\/strong><\/span><br \/><span style=\"color: #000000;\">Viande ou poisson 10g <\/span><br \/><span style=\"color: #000000;\">L\u00e9gumes bien mix\u00e9s + 1 noisette de beurre 150g <\/span><br \/><span style=\"color: #000000;\">Produit laitier \u2014&gt; Yaourt \u00bd<\/span> <br \/><strong><span style=\"text-decoration: underline; color: #800000;\">Go\u00fbter :<\/span><\/strong> <br \/><span style=\"color: #000000;\">Biberon + \u00bd tasse de compote<\/span> <br \/><strong><span style=\"text-decoration: underline; color: #800000;\">D\u00eener :<\/span><\/strong> <br \/><span style=\"color: #000000;\">Bouillie de l\u00e9gume 200ml (100g de l\u00e9gumes, 100ml de lait) <\/span><br \/><span style=\"color: #000000;\">Fruits crus ou cuits<\/span><\/p>\t\t\t\t\t\t<\/div>\n\t\t\t\t<\/div>\n\t\t\t\t<\/div>\n\t\t<div class=\"elementor-element elementor-element-15c020d e-con-full e-flex e-con e-child\" data-id=\"15c020d\" data-element_type=\"container\">\n\t\t\t\t<div class=\"elementor-element elementor-element-95fa054 elementor-widget elementor-widget-image\" data-id=\"95fa054\" data-element_type=\"widget\" data-widget_type=\"image.default\">\n\t\t\t\t<div class=\"elementor-widget-container\">\n\t\t\t<style>\/*! elementor - v3.20.0 - 26-03-2024 *\/\n.elementor-widget-image{text-align:center}.elementor-widget-image a{display:inline-block}.elementor-widget-image a img[src$=\".svg\"]{width:48px}.elementor-widget-image img{vertical-align:middle;display:inline-block}<\/style>\t\t\t\t\t\t\t\t\t\t<img decoding=\"async\" src=\"https:\/\/l-enfant-et-la-neophobie.cl-sites-creation.fr\/wp-content\/plugins\/elementor\/assets\/images\/placeholder.png\" title=\"\" alt=\"\" loading=\"lazy\" \/>\t\t\t\t\t\t\t\t\t\t\t\t\t<\/div>\n\t\t\t\t<\/div>\n\t\t\t\t<\/div>\n\t\t\t\t<\/div>\n\t\t<div class=\"elementor-element elementor-element-1c2f1f6 e-con-full e-flex e-con e-child\" data-id=\"1c2f1f6\" data-element_type=\"container\" data-settings=\"{&quot;background_background&quot;:&quot;classic&quot;}\">\n\t\t<div class=\"elementor-element elementor-element-8595eac e-con-full e-flex e-con e-child\" data-id=\"8595eac\" data-element_type=\"container\">\n\t\t\t\t<div class=\"elementor-element elementor-element-bc1d1fd elementor-widget elementor-widget-text-editor\" data-id=\"bc1d1fd\" data-element_type=\"widget\" data-widget_type=\"text-editor.default\">\n\t\t\t\t<div class=\"elementor-widget-container\">\n\t\t\t\t\t\t\t<p style=\"text-align: center;\"><span style=\"color: #000000;\"><strong>Menu pour enfants de 9-10 mois<\/strong><\/span><\/p><p><strong><span style=\"text-decoration: underline; color: #800000;\">Petit-d\u00e9jeuner : <\/span><\/strong><br \/><span style=\"color: #000000;\">Biberon<\/span><br \/><strong><span style=\"text-decoration: underline; color: #800000;\">D\u00e9jeuner : <\/span><\/strong><br \/><span style=\"color: #000000;\">Viande, poisson ou \u0153uf mix\u00e9 20g<\/span><br \/><span style=\"color: #000000;\">L\u00e9gumes moulin\u00e9s 1\/3 pomme de terre + 2\/3 l\u00e9gume (carotte par exemple) et 1 cc d\u2019huile 160 a 170ml<\/span><br \/><span style=\"color: #000000;\">Petit morceau de pain<\/span><br \/><span style=\"color: #000000;\">Produit laitier (1 petit suisse par exemple)<\/span><br \/><strong><span style=\"text-decoration: underline; color: #800000;\">Go\u00fbter : <\/span><\/strong><br \/><span style=\"color: #000000;\">Biberon et fruit cru \u00e9craser d\u2019\u00bd banane par exemple <\/span><br \/><strong><span style=\"text-decoration: underline; color: #800000;\">D\u00eener : <\/span><\/strong><br \/><span style=\"color: #000000;\">L\u00e9gumes soupe 160g \u00e0 170g (recette)<\/span><br \/><span style=\"color: #000000;\">F\u00e9culents (semoule) par exemple 1c \u00e0 soupe <\/span><br \/><span style=\"color: #000000;\">Fruit Compote<\/span><\/p>\t\t\t\t\t\t<\/div>\n\t\t\t\t<\/div>\n\t\t\t\t<\/div>\n\t\t<div class=\"elementor-element elementor-element-7771b1e e-con-full e-flex e-con e-child\" data-id=\"7771b1e\" data-element_type=\"container\">\n\t\t\t\t<div class=\"elementor-element elementor-element-77a4983 elementor-widget elementor-widget-image\" data-id=\"77a4983\" data-element_type=\"widget\" data-widget_type=\"image.default\">\n\t\t\t\t<div class=\"elementor-widget-container\">\n\t\t\t\t\t\t\t\t\t\t\t\t\t<img decoding=\"async\" src=\"https:\/\/l-enfant-et-la-neophobie.cl-sites-creation.fr\/wp-content\/plugins\/elementor\/assets\/images\/placeholder.png\" title=\"\" alt=\"\" loading=\"lazy\" \/>\t\t\t\t\t\t\t\t\t\t\t\t\t<\/div>\n\t\t\t\t<\/div>\n\t\t\t\t<\/div>\n\t\t\t\t<\/div>\n\t\t\t\t<\/div>\n\t\t<div class=\"elementor-element elementor-element-481387b e-con-full e-flex e-con e-parent\" data-id=\"481387b\" data-element_type=\"container\" data-settings=\"{&quot;background_background&quot;:&quot;classic&quot;}\" data-core-v316-plus=\"true\">\n\t\t<div class=\"elementor-element elementor-element-c63b710 e-con-full e-flex e-con e-child\" data-id=\"c63b710\" data-element_type=\"container\" data-settings=\"{&quot;background_background&quot;:&quot;classic&quot;}\">\n\t\t<div class=\"elementor-element elementor-element-afb4204 e-con-full e-flex e-con e-child\" data-id=\"afb4204\" data-element_type=\"container\">\n\t\t\t\t<div class=\"elementor-element elementor-element-41ce825 elementor-widget elementor-widget-text-editor\" data-id=\"41ce825\" data-element_type=\"widget\" data-widget_type=\"text-editor.default\">\n\t\t\t\t<div class=\"elementor-widget-container\">\n\t\t\t\t\t\t\t\t\t\t\t\t\t<\/div>\n\t\t\t\t<\/div>\n\t\t\t\t<\/div>\n\t\t<div class=\"elementor-element elementor-element-942cbcf e-con-full e-flex e-con e-child\" data-id=\"942cbcf\" data-element_type=\"container\">\n\t\t\t\t<div class=\"elementor-element elementor-element-387851d elementor-widget elementor-widget-image\" data-id=\"387851d\" data-element_type=\"widget\" data-widget_type=\"image.default\">\n\t\t\t\t<div class=\"elementor-widget-container\">\n\t\t\t\t\t\t\t\t\t\t\t\t\t<img decoding=\"async\" src=\"https:\/\/l-enfant-et-la-neophobie.cl-sites-creation.fr\/wp-content\/plugins\/elementor\/assets\/images\/placeholder.png\" title=\"\" alt=\"\" loading=\"lazy\" \/>\t\t\t\t\t\t\t\t\t\t\t\t\t<\/div>\n\t\t\t\t<\/div>\n\t\t\t\t<\/div>\n\t\t\t\t<\/div>\n\t\t<div class=\"elementor-element elementor-element-7ff9dfa e-con-full e-flex e-con e-child\" data-id=\"7ff9dfa\" data-element_type=\"container\" data-settings=\"{&quot;background_background&quot;:&quot;classic&quot;}\">\n\t\t<div class=\"elementor-element elementor-element-87465f8 e-con-full e-flex e-con e-child\" data-id=\"87465f8\" data-element_type=\"container\">\n\t\t\t\t<div class=\"elementor-element elementor-element-74acb71 elementor-widget elementor-widget-text-editor\" data-id=\"74acb71\" data-element_type=\"widget\" data-widget_type=\"text-editor.default\">\n\t\t\t\t<div class=\"elementor-widget-container\">\n\t\t\t\t\t\t\t<p>Lorem ipsum dolor sit amet, consectetur adipiscing elit. Ut elit tellus, luctus nec ullamcorper mattis, pulvinar dapibus leo.<\/p>\t\t\t\t\t\t<\/div>\n\t\t\t\t<\/div>\n\t\t\t\t<\/div>\n\t\t<div class=\"elementor-element elementor-element-b2dba28 e-con-full e-flex e-con e-child\" data-id=\"b2dba28\" data-element_type=\"container\">\n\t\t\t\t<div class=\"elementor-element elementor-element-5864593 elementor-widget elementor-widget-image\" data-id=\"5864593\" data-element_type=\"widget\" data-widget_type=\"image.default\">\n\t\t\t\t<div class=\"elementor-widget-container\">\n\t\t\t\t\t\t\t\t\t\t\t\t\t<img decoding=\"async\" src=\"https:\/\/l-enfant-et-la-neophobie.cl-sites-creation.fr\/wp-content\/plugins\/elementor\/assets\/images\/placeholder.png\" title=\"\" alt=\"\" loading=\"lazy\" \/>\t\t\t\t\t\t\t\t\t\t\t\t\t<\/div>\n\t\t\t\t<\/div>\n\t\t\t\t<\/div>\n\t\t\t\t<\/div>\n\t\t\t\t<\/div>\n\t\t<div class=\"elementor-element elementor-element-85b1c81 e-con-full e-flex e-con e-parent\" data-id=\"85b1c81\" data-element_type=\"container\" data-settings=\"{&quot;background_background&quot;:&quot;classic&quot;}\" data-core-v316-plus=\"true\">\n\t\t<div class=\"elementor-element elementor-element-07d612a e-con-full e-flex e-con e-child\" data-id=\"07d612a\" data-element_type=\"container\" data-settings=\"{&quot;background_background&quot;:&quot;classic&quot;}\">\n\t\t<div class=\"elementor-element elementor-element-7620dfe e-con-full e-flex e-con e-child\" data-id=\"7620dfe\" data-element_type=\"container\">\n\t\t\t\t<div class=\"elementor-element elementor-element-277cd4a elementor-widget elementor-widget-text-editor\" data-id=\"277cd4a\" data-element_type=\"widget\" data-widget_type=\"text-editor.default\">\n\t\t\t\t<div class=\"elementor-widget-container\">\n\t\t\t\t\t\t\t<p>Lorem ipsum dolor sit amet, consectetur adipiscing elit. Ut elit tellus, luctus nec ullamcorper mattis, pulvinar dapibus leo.<\/p>\t\t\t\t\t\t<\/div>\n\t\t\t\t<\/div>\n\t\t\t\t<\/div>\n\t\t<div class=\"elementor-element elementor-element-1185a48 e-con-full e-flex e-con e-child\" data-id=\"1185a48\" data-element_type=\"container\">\n\t\t\t\t<div class=\"elementor-element elementor-element-6813acb elementor-widget elementor-widget-image\" data-id=\"6813acb\" data-element_type=\"widget\" data-widget_type=\"image.default\">\n\t\t\t\t<div class=\"elementor-widget-container\">\n\t\t\t\t\t\t\t\t\t\t\t\t\t<img decoding=\"async\" src=\"https:\/\/l-enfant-et-la-neophobie.cl-sites-creation.fr\/wp-content\/plugins\/elementor\/assets\/images\/placeholder.png\" title=\"\" alt=\"\" loading=\"lazy\" \/>\t\t\t\t\t\t\t\t\t\t\t\t\t<\/div>\n\t\t\t\t<\/div>\n\t\t\t\t<\/div>\n\t\t\t\t<\/div>\n\t\t\t\t<\/div>\n\t\t<div class=\"elementor-element elementor-element-6cad350 e-flex e-con-boxed e-con e-parent\" data-id=\"6cad350\" data-element_type=\"container\" data-settings=\"{&quot;background_background&quot;:&quot;classic&quot;}\" data-core-v316-plus=\"true\">\n\t\t\t\t\t<div class=\"e-con-inner\">\n\t\t\t\t<div class=\"elementor-element elementor-element-b282466 elementor-widget elementor-widget-text-editor\" data-id=\"b282466\" data-element_type=\"widget\" data-widget_type=\"text-editor.default\">\n\t\t\t\t<div class=\"elementor-widget-container\">\n\t\t\t\t\t\t\t<p>Lorem ipsum dolor sit amet, consectetur adipiscing elit. Ut elit tellus, luctus nec ullamcorper mattis, pulvinar dapibus leo.<\/p>\t\t\t\t\t\t<\/div>\n\t\t\t\t<\/div>\n\t\t\t\t\t<\/div>\n\t\t\t\t<\/div>\n\t\t\t\t<\/div>\n\t\t","protected":false},"excerpt":{"rendered":"<p>Menus Menu pour enfant de 6-8 mois Petit-d\u00e9jeuner :BiberonD\u00e9jeuner :Viande ou poisson 10g L\u00e9gumes bien mix\u00e9s + 1 noisette de [&hellip;]<\/p>\n","protected":false},"author":2,"featured_media":0,"parent":0,"menu_order":0,"comment_status":"closed","ping_status":"closed","template":"","meta":{"site-sidebar-layout":"no-sidebar","site-content-layout":"","ast-site-content-layout":"full-width-container","site-content-style":"default","site-sidebar-style":"default","ast-global-header-display":"","ast-banner-title-visibility":"","ast-main-header-display":"","ast-hfb-above-header-display":"","ast-hfb-below-header-display":"","ast-hfb-mobile-header-display":"","site-post-title":"disabled","ast-breadcrumbs-content":"","ast-featured-img":"disabled","footer-sml-layout":"","theme-transparent-header-meta":"","adv-header-id-meta":"","stick-header-meta":"","header-above-stick-meta":"","header-main-stick-meta":"","header-below-stick-meta":"","astra-migrate-meta-layouts":"default","ast-page-background-enabled":"default","ast-page-background-meta":{"desktop":{"background-color":"var(--ast-global-color-4)","background-image":"","background-repeat":"repeat","background-position":"center center","background-size":"auto","background-attachment":"scroll","background-type":"","background-media":"","overlay-type":"","overlay-color":"","overlay-gradient":""},"tablet":{"background-color":"","background-image":"","background-repeat":"repeat","background-position":"center center","background-size":"auto","background-attachment":"scroll","background-type":"","background-media":"","overlay-type":"","overlay-color":"","overlay-gradient":""},"mobile":{"background-color":"","background-image":"","background-repeat":"repeat","background-position":"center center","background-size":"auto","background-attachment":"scroll","background-type":"","background-media":"","overlay-type":"","overlay-color":"","overlay-gradient":""}},"ast-content-background-meta":{"desktop":{"background-color":"var(--ast-global-color-5)","background-image":"","background-repeat":"repeat","background-position":"center center","background-size":"auto","background-attachment":"scroll","background-type":"","background-media":"","overlay-type":"","overlay-color":"","overlay-gradient":""},"tablet":{"background-color":"var(--ast-global-color-5)","background-image":"","background-repeat":"repeat","background-position":"center center","background-size":"auto","background-attachment":"scroll","background-type":"","background-media":"","overlay-type":"","overlay-color":"","overlay-gradient":""},"mobile":{"background-color":"var(--ast-global-color-5)","background-image":"","background-repeat":"repeat","background-position":"center center","background-size":"auto","background-attachment":"scroll","background-type":"","background-media":"","overlay-type":"","overlay-color":"","overlay-gradient":""}},"footnotes":""},"class_list":["post-36","page","type-page","status-publish","hentry"],"_links":{"self":[{"href":"https:\/\/l-enfant-et-la-neophobie.cl-sites-creation.fr\/index.php\/wp-json\/wp\/v2\/pages\/36","targetHints":{"allow":["GET"]}}],"collection":[{"href":"https:\/\/l-enfant-et-la-neophobie.cl-sites-creation.fr\/index.php\/wp-json\/wp\/v2\/pages"}],"about":[{"href":"https:\/\/l-enfant-et-la-neophobie.cl-sites-creation.fr\/index.php\/wp-json\/wp\/v2\/types\/page"}],"author":[{"embeddable":true,"href":"https:\/\/l-enfant-et-la-neophobie.cl-sites-creation.fr\/index.php\/wp-json\/wp\/v2\/users\/2"}],"replies":[{"embeddable":true,"href":"https:\/\/l-enfant-et-la-neophobie.cl-sites-creation.fr\/index.php\/wp-json\/wp\/v2\/comments?post=36"}],"version-history":[{"count":43,"href":"https:\/\/l-enfant-et-la-neophobie.cl-sites-creation.fr\/index.php\/wp-json\/wp\/v2\/pages\/36\/revisions"}],"predecessor-version":[{"id":380,"href":"https:\/\/l-enfant-et-la-neophobie.cl-sites-creation.fr\/index.php\/wp-json\/wp\/v2\/pages\/36\/revisions\/380"}],"wp:attachment":[{"href":"https:\/\/l-enfant-et-la-neophobie.cl-sites-creation.fr\/index.php\/wp-json\/wp\/v2\/media?parent=36"}],"curies":[{"name":"wp","href":"https:\/\/api.w.org\/{rel}","templated":true}]}}