{"id":323,"date":"2024-04-01T16:55:15","date_gmt":"2024-04-01T14:55:15","guid":{"rendered":"https:\/\/l-enfant-et-la-neophobie.cl-sites-creation.fr\/?page_id=323"},"modified":"2024-04-01T16:55:41","modified_gmt":"2024-04-01T14:55:41","slug":"cookies-moelleux-carottes-petits-pois","status":"publish","type":"page","link":"https:\/\/l-enfant-et-la-neophobie.cl-sites-creation.fr\/index.php\/cookies-moelleux-carottes-petits-pois\/","title":{"rendered":"Cookies moelleux carottes \u2013 petits pois"},"content":{"rendered":"\t\t<div data-elementor-type=\"wp-page\" data-elementor-id=\"323\" class=\"elementor elementor-323\">\n\t\t\t\t<div class=\"elementor-element elementor-element-3200807 e-flex e-con-boxed e-con e-parent\" data-id=\"3200807\" data-element_type=\"container\" data-settings=\"{&quot;background_background&quot;:&quot;classic&quot;}\" data-core-v316-plus=\"true\">\n\t\t\t\t\t<div class=\"e-con-inner\">\n\t\t<div class=\"elementor-element elementor-element-ac4f939 e-con-full e-flex e-con e-child\" data-id=\"ac4f939\" data-element_type=\"container\" data-settings=\"{&quot;background_background&quot;:&quot;classic&quot;}\">\n\t\t\t\t<div class=\"elementor-element elementor-element-af0e195 elementor-widget elementor-widget-heading\" data-id=\"af0e195\" data-element_type=\"widget\" data-widget_type=\"heading.default\">\n\t\t\t\t<div class=\"elementor-widget-container\">\n\t\t\t<style>\/*! elementor - v3.20.0 - 26-03-2024 *\/\n.elementor-heading-title{padding:0;margin:0;line-height:1}.elementor-widget-heading .elementor-heading-title[class*=elementor-size-]>a{color:inherit;font-size:inherit;line-height:inherit}.elementor-widget-heading .elementor-heading-title.elementor-size-small{font-size:15px}.elementor-widget-heading .elementor-heading-title.elementor-size-medium{font-size:19px}.elementor-widget-heading .elementor-heading-title.elementor-size-large{font-size:29px}.elementor-widget-heading .elementor-heading-title.elementor-size-xl{font-size:39px}.elementor-widget-heading .elementor-heading-title.elementor-size-xxl{font-size:59px}<\/style><h2 class=\"elementor-heading-title elementor-size-default\">Cookies moelleux carottes \u2013 petits pois<\/h2>\t\t<\/div>\n\t\t\t\t<\/div>\n\t\t<div class=\"elementor-element elementor-element-bc0b572 e-con-full e-flex e-con e-child\" data-id=\"bc0b572\" data-element_type=\"container\">\n\t\t\t\t<div class=\"elementor-element elementor-element-15bcb38 elementor-widget elementor-widget-text-editor\" data-id=\"15bcb38\" data-element_type=\"widget\" data-widget_type=\"text-editor.default\">\n\t\t\t\t<div class=\"elementor-widget-container\">\n\t\t\t<style>\/*! elementor - v3.20.0 - 26-03-2024 *\/\n.elementor-widget-text-editor.elementor-drop-cap-view-stacked .elementor-drop-cap{background-color:#69727d;color:#fff}.elementor-widget-text-editor.elementor-drop-cap-view-framed .elementor-drop-cap{color:#69727d;border:3px solid;background-color:transparent}.elementor-widget-text-editor:not(.elementor-drop-cap-view-default) .elementor-drop-cap{margin-top:8px}.elementor-widget-text-editor:not(.elementor-drop-cap-view-default) .elementor-drop-cap-letter{width:1em;height:1em}.elementor-widget-text-editor .elementor-drop-cap{float:left;text-align:center;line-height:1;font-size:50px}.elementor-widget-text-editor .elementor-drop-cap-letter{display:inline-block}<\/style>\t\t\t\t<h4 class=\"jw-heading-100\"><em>Ingr\u00e9dients<\/em><\/h4><ul class=\"\"><li class=\"\" data-uid=\"0\"><span class=\"\">250<\/span>\u00a0<span class=\"\">g<\/span>\u00a0<span class=\"\">carotte(s)<\/span><\/li><li class=\"\" data-uid=\"1\"><span class=\"\">120<\/span>\u00a0<span class=\"\">g<\/span>\u00a0<span class=\"\">petits pois<\/span>\u00a0<span class=\"\">(frais \u00e9coss\u00e9s, ou surgel\u00e9s)<\/span><\/li><li class=\"\" data-uid=\"2\"><span class=\"\">1<\/span>\u00a0<span class=\"\">oeuf(s)<\/span><\/li><li class=\"\" data-uid=\"3\"><span class=\"\">1<\/span>\u00a0<span class=\"\">c. \u00e0 caf\u00e9<\/span>\u00a0<span class=\"\">huile d\u2019olive<\/span><\/li><li class=\"\" data-uid=\"4\"><span class=\"\">100<\/span>\u00a0<span class=\"\">g<\/span>\u00a0<span class=\"\">farine<\/span><\/li><\/ul>\t\t\t\t\t\t<\/div>\n\t\t\t\t<\/div>\n\t\t\t\t<div class=\"elementor-element elementor-element-c6ea448 elementor-widget elementor-widget-image\" data-id=\"c6ea448\" data-element_type=\"widget\" data-widget_type=\"image.default\">\n\t\t\t\t<div class=\"elementor-widget-container\">\n\t\t\t<style>\/*! elementor - v3.20.0 - 26-03-2024 *\/\n.elementor-widget-image{text-align:center}.elementor-widget-image a{display:inline-block}.elementor-widget-image a img[src$=\".svg\"]{width:48px}.elementor-widget-image img{vertical-align:middle;display:inline-block}<\/style>\t\t\t\t\t\t\t\t\t\t<img fetchpriority=\"high\" decoding=\"async\" width=\"503\" height=\"283\" src=\"https:\/\/l-enfant-et-la-neophobie.cl-sites-creation.fr\/wp-content\/uploads\/2024\/04\/cookies-carottes-et-petits-pois-3-1140x641-1.webp\" class=\"attachment-large size-large wp-image-327\" alt=\"\" srcset=\"https:\/\/l-enfant-et-la-neophobie.cl-sites-creation.fr\/wp-content\/uploads\/2024\/04\/cookies-carottes-et-petits-pois-3-1140x641-1.webp 503w, https:\/\/l-enfant-et-la-neophobie.cl-sites-creation.fr\/wp-content\/uploads\/2024\/04\/cookies-carottes-et-petits-pois-3-1140x641-1-300x169.webp 300w\" sizes=\"(max-width: 503px) 100vw, 503px\" \/>\t\t\t\t\t\t\t\t\t\t\t\t\t<\/div>\n\t\t\t\t<\/div>\n\t\t\t\t<\/div>\n\t\t<div class=\"elementor-element elementor-element-7f181dc e-flex e-con-boxed e-con e-child\" data-id=\"7f181dc\" data-element_type=\"container\">\n\t\t\t\t\t<div class=\"e-con-inner\">\n\t\t\t\t<div class=\"elementor-element elementor-element-4a73c05 elementor-widget elementor-widget-text-editor\" data-id=\"4a73c05\" data-element_type=\"widget\" data-widget_type=\"text-editor.default\">\n\t\t\t\t<div class=\"elementor-widget-container\">\n\t\t\t\t\t\t\t<h4 class=\"jw-heading-100\">Instructions<\/h4><ul class=\"\"><li class=\"\"><div class=\"\">Laver, \u00e9plucher, et couper les\u00a0<strong>carottes<\/strong>\u00a0en fines rondelles.<\/div><\/li><li class=\"\"><div class=\"\">Cuire les\u00a0<strong>carottes<\/strong>\u00a0\u00e0 la vapeur (25 minutes environ).<\/div><\/li><li class=\"\"><div class=\"\">Cuire les\u00a0<strong>petits pois<\/strong>\u00a0\u00e0 la vapeur (10 minutes si surgel\u00e9s, 15 minutes si frais).\u00a0<em>Vous pouvez les placer dans m\u00eame panier que les carottes, en les s\u00e9parant pour ne pas les m\u00e9langer.<\/em><\/div><\/li><li class=\"\"><div class=\"\">Pr\u00e9chauffer le four \u00e0 200\u00b0C.<\/div><\/li><li class=\"\"><div class=\"\">Mixer : les\u00a0<strong>carottes<\/strong>\u00a0cuites +\u00a0<span class=\"\">1<\/span>\u00a0<strong>oeuf<\/strong>\u00a0+\u00a0<span class=\"\">100<\/span>g de\u00a0<strong>farine<\/strong>\u00a0+\u00a0<span class=\"\">1<\/span>\u00a0c. \u00e0 caf\u00e9 d\u2019<strong>huile d\u2019olive<\/strong>.<\/div><\/li><li class=\"\"><div class=\"\">M\u00e9langer cette pr\u00e9paration avec les\u00a0<strong>petits pois<\/strong>\u00a0(cuits).<\/div><\/li><li class=\"\"><div class=\"\">Sur une plaque pour le four, former 12 petits \u201ctas\u201d de cette pr\u00e9paration avec une cuill\u00e8re \u00e0 soupe.<\/div><\/li><li class=\"\"><div class=\"\">Enfourner pour 20 minutes de cuisson.<\/div><\/li><\/ul>\t\t\t\t\t\t<\/div>\n\t\t\t\t<\/div>\n\t\t\t\t<div class=\"elementor-element elementor-element-a964ce3 elementor-widget elementor-widget-text-editor\" data-id=\"a964ce3\" data-element_type=\"widget\" data-widget_type=\"text-editor.default\">\n\t\t\t\t<div class=\"elementor-widget-container\">\n\t\t\t\t\t\t\t<h4>Notes<\/h4><p><strong>D\u00e8s 9 mois<\/strong>, on pourra proposer environ 3\u00a0cookies \u00e0 b\u00e9b\u00e9 (pour \u00bc d\u2019oeuf).<\/p><p><strong>D\u00e8s 12 mois<\/strong>, on pourra proposer environ 4-5\u00a0cookies \u00e0 b\u00e9b\u00e9 (pour \u2153 d\u2019oeuf).<\/p><p><strong>D\u00e8s 2 ans<\/strong>, on pourra proposer environ 6 cookies \u00e0 b\u00e9b\u00e9 (pour \u00bd oeuf).<\/p>\t\t\t\t\t\t<\/div>\n\t\t\t\t<\/div>\n\t\t\t\t\t<\/div>\n\t\t\t\t<\/div>\n\t\t\t\t<\/div>\n\t\t\t\t\t<\/div>\n\t\t\t\t<\/div>\n\t\t\t\t<\/div>\n\t\t","protected":false},"excerpt":{"rendered":"<p>Cookies moelleux carottes \u2013 petits pois Ingr\u00e9dients 250\u00a0g\u00a0carotte(s) 120\u00a0g\u00a0petits pois\u00a0(frais \u00e9coss\u00e9s, ou surgel\u00e9s) 1\u00a0oeuf(s) 1\u00a0c. \u00e0 caf\u00e9\u00a0huile d\u2019olive 100\u00a0g\u00a0farine Instructions [&hellip;]<\/p>\n","protected":false},"author":2,"featured_media":0,"parent":0,"menu_order":0,"comment_status":"closed","ping_status":"closed","template":"","meta":{"site-sidebar-layout":"no-sidebar","site-content-layout":"","ast-site-content-layout":"full-width-container","site-content-style":"default","site-sidebar-style":"default","ast-global-header-display":"","ast-banner-title-visibility":"","ast-main-header-display":"","ast-hfb-above-header-display":"","ast-hfb-below-header-display":"","ast-hfb-mobile-header-display":"","site-post-title":"disabled","ast-breadcrumbs-content":"","ast-featured-img":"disabled","footer-sml-layout":"","theme-transparent-header-meta":"","adv-header-id-meta":"","stick-header-meta":"","header-above-stick-meta":"","header-main-stick-meta":"","header-below-stick-meta":"","astra-migrate-meta-layouts":"default","ast-page-background-enabled":"default","ast-page-background-meta":{"desktop":{"background-color":"var(--ast-global-color-4)","background-image":"","background-repeat":"repeat","background-position":"center center","background-size":"auto","background-attachment":"scroll","background-type":"","background-media":"","overlay-type":"","overlay-color":"","overlay-gradient":""},"tablet":{"background-color":"","background-image":"","background-repeat":"repeat","background-position":"center center","background-size":"auto","background-attachment":"scroll","background-type":"","background-media":"","overlay-type":"","overlay-color":"","overlay-gradient":""},"mobile":{"background-color":"","background-image":"","background-repeat":"repeat","background-position":"center center","background-size":"auto","background-attachment":"scroll","background-type":"","background-media":"","overlay-type":"","overlay-color":"","overlay-gradient":""}},"ast-content-background-meta":{"desktop":{"background-color":"var(--ast-global-color-5)","background-image":"","background-repeat":"repeat","background-position":"center center","background-size":"auto","background-attachment":"scroll","background-type":"","background-media":"","overlay-type":"","overlay-color":"","overlay-gradient":""},"tablet":{"background-color":"var(--ast-global-color-5)","background-image":"","background-repeat":"repeat","background-position":"center center","background-size":"auto","background-attachment":"scroll","background-type":"","background-media":"","overlay-type":"","overlay-color":"","overlay-gradient":""},"mobile":{"background-color":"var(--ast-global-color-5)","background-image":"","background-repeat":"repeat","background-position":"center center","background-size":"auto","background-attachment":"scroll","background-type":"","background-media":"","overlay-type":"","overlay-color":"","overlay-gradient":""}},"footnotes":""},"class_list":["post-323","page","type-page","status-publish","hentry"],"_links":{"self":[{"href":"https:\/\/l-enfant-et-la-neophobie.cl-sites-creation.fr\/index.php\/wp-json\/wp\/v2\/pages\/323","targetHints":{"allow":["GET"]}}],"collection":[{"href":"https:\/\/l-enfant-et-la-neophobie.cl-sites-creation.fr\/index.php\/wp-json\/wp\/v2\/pages"}],"about":[{"href":"https:\/\/l-enfant-et-la-neophobie.cl-sites-creation.fr\/index.php\/wp-json\/wp\/v2\/types\/page"}],"author":[{"embeddable":true,"href":"https:\/\/l-enfant-et-la-neophobie.cl-sites-creation.fr\/index.php\/wp-json\/wp\/v2\/users\/2"}],"replies":[{"embeddable":true,"href":"https:\/\/l-enfant-et-la-neophobie.cl-sites-creation.fr\/index.php\/wp-json\/wp\/v2\/comments?post=323"}],"version-history":[{"count":4,"href":"https:\/\/l-enfant-et-la-neophobie.cl-sites-creation.fr\/index.php\/wp-json\/wp\/v2\/pages\/323\/revisions"}],"predecessor-version":[{"id":330,"href":"https:\/\/l-enfant-et-la-neophobie.cl-sites-creation.fr\/index.php\/wp-json\/wp\/v2\/pages\/323\/revisions\/330"}],"wp:attachment":[{"href":"https:\/\/l-enfant-et-la-neophobie.cl-sites-creation.fr\/index.php\/wp-json\/wp\/v2\/media?parent=323"}],"curies":[{"name":"wp","href":"https:\/\/api.w.org\/{rel}","templated":true}]}}