{"id":29,"date":"2024-03-30T14:47:35","date_gmt":"2024-03-30T13:47:35","guid":{"rendered":"https:\/\/l-enfant-et-la-neophobie.cl-sites-creation.fr\/?page_id=29"},"modified":"2024-04-10T16:02:07","modified_gmt":"2024-04-10T14:02:07","slug":"la-neophobie-allimentaire","status":"publish","type":"page","link":"https:\/\/l-enfant-et-la-neophobie.cl-sites-creation.fr\/","title":{"rendered":"La n\u00e9ophobie alimentaire"},"content":{"rendered":"\t\t<div data-elementor-type=\"wp-page\" data-elementor-id=\"29\" class=\"elementor elementor-29\">\n\t\t\t\t<div class=\"elementor-element elementor-element-af90334 e-flex e-con-boxed e-con e-parent\" data-id=\"af90334\" data-element_type=\"container\" data-settings=\"{&quot;background_background&quot;:&quot;classic&quot;}\" data-core-v316-plus=\"true\">\n\t\t\t\t\t<div class=\"e-con-inner\">\n\t\t<div class=\"elementor-element elementor-element-a8672b2 e-con-full e-flex e-con e-child\" data-id=\"a8672b2\" data-element_type=\"container\">\n\t\t\t\t<div class=\"elementor-element elementor-element-92b9f47 elementor-widget elementor-widget-heading\" data-id=\"92b9f47\" data-element_type=\"widget\" data-widget_type=\"heading.default\">\n\t\t\t\t<div class=\"elementor-widget-container\">\n\t\t\t<style>\/*! elementor - v3.20.0 - 26-03-2024 *\/\n.elementor-heading-title{padding:0;margin:0;line-height:1}.elementor-widget-heading .elementor-heading-title[class*=elementor-size-]>a{color:inherit;font-size:inherit;line-height:inherit}.elementor-widget-heading .elementor-heading-title.elementor-size-small{font-size:15px}.elementor-widget-heading .elementor-heading-title.elementor-size-medium{font-size:19px}.elementor-widget-heading .elementor-heading-title.elementor-size-large{font-size:29px}.elementor-widget-heading .elementor-heading-title.elementor-size-xl{font-size:39px}.elementor-widget-heading .elementor-heading-title.elementor-size-xxl{font-size:59px}<\/style><h2 class=\"elementor-heading-title elementor-size-default\">Bienvenue sur mon site d\u00e9di\u00e9 \u00e0 la n\u00e9ophobie alimentaire chez les enfants !<\/h2>\t\t<\/div>\n\t\t\t\t<\/div>\n\t\t\t\t<\/div>\n\t\t<div class=\"elementor-element elementor-element-ab3d715 e-con-full e-flex e-con e-child\" data-id=\"ab3d715\" data-element_type=\"container\">\n\t\t\t\t<div class=\"elementor-element elementor-element-46f2f12 elementor-widget elementor-widget-image\" data-id=\"46f2f12\" data-element_type=\"widget\" data-widget_type=\"image.default\">\n\t\t\t\t<div class=\"elementor-widget-container\">\n\t\t\t<style>\/*! elementor - v3.20.0 - 26-03-2024 *\/\n.elementor-widget-image{text-align:center}.elementor-widget-image a{display:inline-block}.elementor-widget-image a img[src$=\".svg\"]{width:48px}.elementor-widget-image img{vertical-align:middle;display:inline-block}<\/style>\t\t\t\t\t\t\t\t\t\t<img fetchpriority=\"high\" decoding=\"async\" width=\"500\" height=\"500\" src=\"https:\/\/l-enfant-et-la-neophobie.cl-sites-creation.fr\/wp-content\/uploads\/2024\/03\/famille-assis-autour-table_23-2148149278-removebg-preview-1.png\" class=\"attachment-large size-large wp-image-52\" alt=\"\" srcset=\"https:\/\/l-enfant-et-la-neophobie.cl-sites-creation.fr\/wp-content\/uploads\/2024\/03\/famille-assis-autour-table_23-2148149278-removebg-preview-1.png 500w, https:\/\/l-enfant-et-la-neophobie.cl-sites-creation.fr\/wp-content\/uploads\/2024\/03\/famille-assis-autour-table_23-2148149278-removebg-preview-1-300x300.png 300w, https:\/\/l-enfant-et-la-neophobie.cl-sites-creation.fr\/wp-content\/uploads\/2024\/03\/famille-assis-autour-table_23-2148149278-removebg-preview-1-150x150.png 150w\" sizes=\"(max-width: 500px) 100vw, 500px\" \/>\t\t\t\t\t\t\t\t\t\t\t\t\t<\/div>\n\t\t\t\t<\/div>\n\t\t\t\t<\/div>\n\t\t\t\t\t<\/div>\n\t\t\t\t<\/div>\n\t\t<div class=\"elementor-element elementor-element-971ab79 e-flex e-con-boxed e-con e-parent\" data-id=\"971ab79\" data-element_type=\"container\" data-settings=\"{&quot;background_background&quot;:&quot;gradient&quot;}\" data-core-v316-plus=\"true\">\n\t\t\t\t\t<div class=\"e-con-inner\">\n\t\t<div class=\"elementor-element elementor-element-60e56d8 e-con-full e-flex e-con e-child\" data-id=\"60e56d8\" data-element_type=\"container\">\n\t\t\t\t<div class=\"elementor-element elementor-element-7322ddf elementor-widget elementor-widget-text-editor\" data-id=\"7322ddf\" data-element_type=\"widget\" data-widget_type=\"text-editor.default\">\n\t\t\t\t<div class=\"elementor-widget-container\">\n\t\t\t<style>\/*! elementor - v3.20.0 - 26-03-2024 *\/\n.elementor-widget-text-editor.elementor-drop-cap-view-stacked .elementor-drop-cap{background-color:#69727d;color:#fff}.elementor-widget-text-editor.elementor-drop-cap-view-framed .elementor-drop-cap{color:#69727d;border:3px solid;background-color:transparent}.elementor-widget-text-editor:not(.elementor-drop-cap-view-default) .elementor-drop-cap{margin-top:8px}.elementor-widget-text-editor:not(.elementor-drop-cap-view-default) .elementor-drop-cap-letter{width:1em;height:1em}.elementor-widget-text-editor .elementor-drop-cap{float:left;text-align:center;line-height:1;font-size:50px}.elementor-widget-text-editor .elementor-drop-cap-letter{display:inline-block}<\/style>\t\t\t\t<p>Si vous \u00eates parent d&#8217;un enfant qui traverse une p\u00e9riode de n\u00e9ophobie alimentaire, vous savez \u00e0 quel point cela peut \u00eatre d\u00e9concertant et stressant.<\/p><p>La n\u00e9ophobie alimentaire, caract\u00e9ris\u00e9e par le refus de l&#8217;enfant de manger certains aliments, peut \u00eatre une source de frustration pour toute la famille.<\/p><p>C&#8217;est pourquoi j&#8217;ai cr\u00e9\u00e9 ce site pour vous fournir des ressources utiles et des conseils pratiques pour naviguer \u00e0 travers cette phase d\u00e9licate. Mon objectif est de vous aider \u00e0 diversifier l&#8217;alimentation de votre enfant, \u00e0 lui faire d\u00e9couvrir de nouveaux go\u00fbts et \u00e0 rendre les repas en famille plus agr\u00e9ables.<\/p><p>Sur ce site, vous trouverez une vari\u00e9t\u00e9 d&#8217;id\u00e9es de menus adapt\u00e9s aux enfants n\u00e9ophobes, ainsi que des recettes simples et savoureuses pour stimuler leur app\u00e9tit et les encourager \u00e0 essayer de nouveaux aliments. J&#8217;aborderais \u00e9galement les causes sous-jacentes de la n\u00e9ophobie alimentaire et fournirais des conseils issus d&#8217;experts pour surmonter ce d\u00e9fi.<\/p><p>Que vous soyez \u00e0 la recherche de solutions pratiques pour g\u00e9rer les repas \u00e0 la maison ou que vous souhaitiez consulter un professionnel pour obtenir un soutien suppl\u00e9mentaire, notre site est l\u00e0 pour vous aider<\/p><p>J&#8217;esp\u00e8re que ce site deviendra une ressource pr\u00e9cieuse pour vous et votre famille dans votre voyage vers une alimentation vari\u00e9e et \u00e9quilibr\u00e9e.<\/p>\t\t\t\t\t\t<\/div>\n\t\t\t\t<\/div>\n\t\t\t\t<\/div>\n\t\t<div class=\"elementor-element elementor-element-fb98261 e-con-full e-flex e-con e-child\" data-id=\"fb98261\" data-element_type=\"container\">\n\t\t\t\t<div class=\"elementor-element elementor-element-07da2c0 elementor-widget elementor-widget-image\" data-id=\"07da2c0\" data-element_type=\"widget\" data-widget_type=\"image.default\">\n\t\t\t\t<div class=\"elementor-widget-container\">\n\t\t\t\t\t\t\t\t\t\t\t\t\t<img decoding=\"async\" width=\"458\" height=\"544\" src=\"https:\/\/l-enfant-et-la-neophobie.cl-sites-creation.fr\/wp-content\/uploads\/2024\/03\/garcon-mangeant-mauvaise-nourriture-table-manger_1308-98582-removebg-preview.png\" class=\"attachment-large size-large wp-image-123\" alt=\"\" srcset=\"https:\/\/l-enfant-et-la-neophobie.cl-sites-creation.fr\/wp-content\/uploads\/2024\/03\/garcon-mangeant-mauvaise-nourriture-table-manger_1308-98582-removebg-preview.png 458w, https:\/\/l-enfant-et-la-neophobie.cl-sites-creation.fr\/wp-content\/uploads\/2024\/03\/garcon-mangeant-mauvaise-nourriture-table-manger_1308-98582-removebg-preview-253x300.png 253w\" sizes=\"(max-width: 458px) 100vw, 458px\" \/>\t\t\t\t\t\t\t\t\t\t\t\t\t<\/div>\n\t\t\t\t<\/div>\n\t\t\t\t<\/div>\n\t\t\t\t\t<\/div>\n\t\t\t\t<\/div>\n\t\t<div class=\"elementor-element elementor-element-b360b96 e-flex e-con-boxed e-con e-parent\" data-id=\"b360b96\" data-element_type=\"container\" data-settings=\"{&quot;background_background&quot;:&quot;gradient&quot;}\" data-core-v316-plus=\"true\">\n\t\t\t\t\t<div class=\"e-con-inner\">\n\t\t<div class=\"elementor-element elementor-element-6130a19 e-con-full e-flex e-con e-child\" data-id=\"6130a19\" data-element_type=\"container\">\n\t\t\t\t<div class=\"elementor-element elementor-element-ade9607 elementor-widget elementor-widget-heading\" data-id=\"ade9607\" data-element_type=\"widget\" data-widget_type=\"heading.default\">\n\t\t\t\t<div class=\"elementor-widget-container\">\n\t\t\t<h5 class=\"elementor-heading-title elementor-size-default\">A PROPOS DE MOI<\/h5>\t\t<\/div>\n\t\t\t\t<\/div>\n\t\t<div class=\"elementor-element elementor-element-6ea15eb e-con-full e-flex e-con e-child\" data-id=\"6ea15eb\" data-element_type=\"container\">\n\t\t\t\t<div class=\"elementor-element elementor-element-1cfc1dc elementor-widget elementor-widget-text-editor\" data-id=\"1cfc1dc\" data-element_type=\"widget\" data-widget_type=\"text-editor.default\">\n\t\t\t\t<div class=\"elementor-widget-container\">\n\t\t\t\t\t\t\t<p>Je suis heureuse de vous accueillir sur ma plateforme d\u00e9di\u00e9e \u00e0 mon Chef d&#8217;\u0152uvre, un projet qui marque la conclusion de mon parcours de formation en CAP Accompagnant \u00c9ducatif Petite Enfance (AEPE). Je m&#8217;appelle Pauline et je suis actuellement en formation, avec l&#8217;obtention de mon dipl\u00f4me pr\u00e9vue en juin.<\/p><p>Pour mon projet de Chef d&#8217;\u0152uvre, j&#8217;ai d\u00e9cid\u00e9e d&#8217;explorer un sujet qui me tient particuli\u00e8rement \u00e0 c\u0153ur : la n\u00e9ophobie alimentaire chez les enfants. La n\u00e9ophobie alimentaire est un sujet complexe et important, qui peut poser des d\u00e9fis significatifs aux parents et aux professionnels de la petite enfance. En tant que futur professionnel de la petite enfance, je trouve essentiel de comprendre et de savoir comment accompagner les enfants et leur famille \u00e0 travers cette p\u00e9riode d\u00e9licate.<\/p><p>\u00c0 travers ce projet, je souhaite non seulement approfondir mes connaissances sur la n\u00e9ophobie alimentaire, mais aussi partager des informations pr\u00e9cieuses avec les parents, les \u00e9ducateurs et les professionnels de la petite enfance. Mon objectif est de fournir des ressources pratiques, des conseils et des strat\u00e9gies pour aider \u00e0 surmonter les d\u00e9fis li\u00e9s \u00e0 la n\u00e9ophobie alimentaire, tout en encourageant une alimentation saine et \u00e9quilibr\u00e9e d\u00e8s le plus jeune \u00e2ge.<\/p><p>Je suis convaincu que ce projet sera une opportunit\u00e9 d&#8217;apprentissage enrichissante pour moi-m\u00eame ainsi que pour ceux qui suivront mon travail. Je suis impatiente de partager mes d\u00e9couvertes, mes r\u00e9flexions et mes conseils avec vous tout au long de ce parcours.<\/p>\t\t\t\t\t\t<\/div>\n\t\t\t\t<\/div>\n\t\t\t\t<\/div>\n\t\t\t\t<\/div>\n\t\t<div class=\"elementor-element elementor-element-3fc9f9d e-con-full e-flex e-con e-child\" data-id=\"3fc9f9d\" data-element_type=\"container\">\n\t\t\t\t<div class=\"elementor-element elementor-element-015d37b elementor-widget elementor-widget-image\" data-id=\"015d37b\" data-element_type=\"widget\" data-widget_type=\"image.default\">\n\t\t\t\t<div class=\"elementor-widget-container\">\n\t\t\t\t\t\t\t\t\t\t\t\t\t<img decoding=\"async\" width=\"768\" height=\"1024\" src=\"https:\/\/l-enfant-et-la-neophobie.cl-sites-creation.fr\/wp-content\/uploads\/2024\/03\/20240214_215616-768x1024.jpg\" class=\"attachment-large size-large wp-image-177\" alt=\"\" srcset=\"https:\/\/l-enfant-et-la-neophobie.cl-sites-creation.fr\/wp-content\/uploads\/2024\/03\/20240214_215616-768x1024.jpg 768w, https:\/\/l-enfant-et-la-neophobie.cl-sites-creation.fr\/wp-content\/uploads\/2024\/03\/20240214_215616-225x300.jpg 225w, https:\/\/l-enfant-et-la-neophobie.cl-sites-creation.fr\/wp-content\/uploads\/2024\/03\/20240214_215616-1152x1536.jpg 1152w, https:\/\/l-enfant-et-la-neophobie.cl-sites-creation.fr\/wp-content\/uploads\/2024\/03\/20240214_215616-1536x2048.jpg 1536w, https:\/\/l-enfant-et-la-neophobie.cl-sites-creation.fr\/wp-content\/uploads\/2024\/03\/20240214_215616-scaled.jpg 1920w\" sizes=\"(max-width: 768px) 100vw, 768px\" \/>\t\t\t\t\t\t\t\t\t\t\t\t\t<\/div>\n\t\t\t\t<\/div>\n\t\t\t\t<\/div>\n\t\t\t\t\t<\/div>\n\t\t\t\t<\/div>\n\t\t\t\t<\/div>\n\t\t","protected":false},"excerpt":{"rendered":"<p>Bienvenue sur mon site d\u00e9di\u00e9 \u00e0 la n\u00e9ophobie alimentaire chez les enfants ! Si vous \u00eates parent d&#8217;un enfant qui [&hellip;]<\/p>\n","protected":false},"author":2,"featured_media":0,"parent":0,"menu_order":0,"comment_status":"closed","ping_status":"closed","template":"","meta":{"site-sidebar-layout":"no-sidebar","site-content-layout":"","ast-site-content-layout":"full-width-container","site-content-style":"default","site-sidebar-style":"default","ast-global-header-display":"","ast-banner-title-visibility":"","ast-main-header-display":"","ast-hfb-above-header-display":"","ast-hfb-below-header-display":"","ast-hfb-mobile-header-display":"","site-post-title":"disabled","ast-breadcrumbs-content":"","ast-featured-img":"disabled","footer-sml-layout":"","theme-transparent-header-meta":"","adv-header-id-meta":"","stick-header-meta":"","header-above-stick-meta":"","header-main-stick-meta":"","header-below-stick-meta":"","astra-migrate-meta-layouts":"default","ast-page-background-enabled":"default","ast-page-background-meta":{"desktop":{"background-color":"var(--ast-global-color-4)","background-image":"","background-repeat":"repeat","background-position":"center center","background-size":"auto","background-attachment":"scroll","background-type":"","background-media":"","overlay-type":"","overlay-color":"","overlay-gradient":""},"tablet":{"background-color":"","background-image":"","background-repeat":"repeat","background-position":"center center","background-size":"auto","background-attachment":"scroll","background-type":"","background-media":"","overlay-type":"","overlay-color":"","overlay-gradient":""},"mobile":{"background-color":"","background-image":"","background-repeat":"repeat","background-position":"center center","background-size":"auto","background-attachment":"scroll","background-type":"","background-media":"","overlay-type":"","overlay-color":"","overlay-gradient":""}},"ast-content-background-meta":{"desktop":{"background-color":"var(--ast-global-color-5)","background-image":"","background-repeat":"repeat","background-position":"center center","background-size":"auto","background-attachment":"scroll","background-type":"","background-media":"","overlay-type":"","overlay-color":"","overlay-gradient":""},"tablet":{"background-color":"var(--ast-global-color-5)","background-image":"","background-repeat":"repeat","background-position":"center center","background-size":"auto","background-attachment":"scroll","background-type":"","background-media":"","overlay-type":"","overlay-color":"","overlay-gradient":""},"mobile":{"background-color":"var(--ast-global-color-5)","background-image":"","background-repeat":"repeat","background-position":"center center","background-size":"auto","background-attachment":"scroll","background-type":"","background-media":"","overlay-type":"","overlay-color":"","overlay-gradient":""}},"footnotes":""},"class_list":["post-29","page","type-page","status-publish","hentry"],"_links":{"self":[{"href":"https:\/\/l-enfant-et-la-neophobie.cl-sites-creation.fr\/index.php\/wp-json\/wp\/v2\/pages\/29","targetHints":{"allow":["GET"]}}],"collection":[{"href":"https:\/\/l-enfant-et-la-neophobie.cl-sites-creation.fr\/index.php\/wp-json\/wp\/v2\/pages"}],"about":[{"href":"https:\/\/l-enfant-et-la-neophobie.cl-sites-creation.fr\/index.php\/wp-json\/wp\/v2\/types\/page"}],"author":[{"embeddable":true,"href":"https:\/\/l-enfant-et-la-neophobie.cl-sites-creation.fr\/index.php\/wp-json\/wp\/v2\/users\/2"}],"replies":[{"embeddable":true,"href":"https:\/\/l-enfant-et-la-neophobie.cl-sites-creation.fr\/index.php\/wp-json\/wp\/v2\/comments?post=29"}],"version-history":[{"count":71,"href":"https:\/\/l-enfant-et-la-neophobie.cl-sites-creation.fr\/index.php\/wp-json\/wp\/v2\/pages\/29\/revisions"}],"predecessor-version":[{"id":375,"href":"https:\/\/l-enfant-et-la-neophobie.cl-sites-creation.fr\/index.php\/wp-json\/wp\/v2\/pages\/29\/revisions\/375"}],"wp:attachment":[{"href":"https:\/\/l-enfant-et-la-neophobie.cl-sites-creation.fr\/index.php\/wp-json\/wp\/v2\/media?parent=29"}],"curies":[{"name":"wp","href":"https:\/\/api.w.org\/{rel}","templated":true}]}}