{"id":184,"date":"2024-03-30T18:37:07","date_gmt":"2024-03-30T17:37:07","guid":{"rendered":"https:\/\/l-enfant-et-la-neophobie.cl-sites-creation.fr\/?page_id=184"},"modified":"2024-04-01T15:11:22","modified_gmt":"2024-04-01T13:11:22","slug":"causes-et-conseils","status":"publish","type":"page","link":"https:\/\/l-enfant-et-la-neophobie.cl-sites-creation.fr\/index.php\/causes-et-conseils\/","title":{"rendered":"Signes et Conseils"},"content":{"rendered":"\t\t<div data-elementor-type=\"wp-page\" data-elementor-id=\"184\" class=\"elementor elementor-184\">\n\t\t\t\t<div class=\"elementor-element elementor-element-f5938cb e-con-full e-flex e-con e-parent\" data-id=\"f5938cb\" data-element_type=\"container\" data-settings=\"{&quot;background_background&quot;:&quot;classic&quot;}\" data-core-v316-plus=\"true\">\n\t\t\t\t<div class=\"elementor-element elementor-element-a27ae5b elementor-widget elementor-widget-heading\" data-id=\"a27ae5b\" data-element_type=\"widget\" data-widget_type=\"heading.default\">\n\t\t\t\t<div class=\"elementor-widget-container\">\n\t\t\t<style>\/*! elementor - v3.20.0 - 26-03-2024 *\/\n.elementor-heading-title{padding:0;margin:0;line-height:1}.elementor-widget-heading .elementor-heading-title[class*=elementor-size-]>a{color:inherit;font-size:inherit;line-height:inherit}.elementor-widget-heading .elementor-heading-title.elementor-size-small{font-size:15px}.elementor-widget-heading .elementor-heading-title.elementor-size-medium{font-size:19px}.elementor-widget-heading .elementor-heading-title.elementor-size-large{font-size:29px}.elementor-widget-heading .elementor-heading-title.elementor-size-xl{font-size:39px}.elementor-widget-heading .elementor-heading-title.elementor-size-xxl{font-size:59px}<\/style><h1 class=\"elementor-heading-title elementor-size-default\">Qu\u2019est-ce que la n\u00e9ophobie alimentaire chez l'enfant ?<\/h1>\t\t<\/div>\n\t\t\t\t<\/div>\n\t\t\t\t<\/div>\n\t\t<div class=\"elementor-element elementor-element-952238e e-flex e-con-boxed e-con e-parent\" data-id=\"952238e\" data-element_type=\"container\" data-settings=\"{&quot;background_background&quot;:&quot;gradient&quot;}\" data-core-v316-plus=\"true\">\n\t\t\t\t\t<div class=\"e-con-inner\">\n\t\t<div class=\"elementor-element elementor-element-58acf2d e-con-full e-flex e-con e-child\" data-id=\"58acf2d\" data-element_type=\"container\">\n\t\t\t\t<div class=\"elementor-element elementor-element-62dfb99 elementor-widget elementor-widget-image\" data-id=\"62dfb99\" data-element_type=\"widget\" data-widget_type=\"image.default\">\n\t\t\t\t<div class=\"elementor-widget-container\">\n\t\t\t<style>\/*! elementor - v3.20.0 - 26-03-2024 *\/\n.elementor-widget-image{text-align:center}.elementor-widget-image a{display:inline-block}.elementor-widget-image a img[src$=\".svg\"]{width:48px}.elementor-widget-image img{vertical-align:middle;display:inline-block}<\/style>\t\t\t\t\t\t\t\t\t\t<img fetchpriority=\"high\" decoding=\"async\" width=\"735\" height=\"434\" src=\"https:\/\/l-enfant-et-la-neophobie.cl-sites-creation.fr\/wp-content\/uploads\/2024\/03\/Capture2.png\" class=\"attachment-large size-large wp-image-236\" alt=\"\" srcset=\"https:\/\/l-enfant-et-la-neophobie.cl-sites-creation.fr\/wp-content\/uploads\/2024\/03\/Capture2.png 735w, https:\/\/l-enfant-et-la-neophobie.cl-sites-creation.fr\/wp-content\/uploads\/2024\/03\/Capture2-300x177.png 300w\" sizes=\"(max-width: 735px) 100vw, 735px\" \/>\t\t\t\t\t\t\t\t\t\t\t\t\t<\/div>\n\t\t\t\t<\/div>\n\t\t\t\t<\/div>\n\t\t<div class=\"elementor-element elementor-element-10e64fb e-con-full e-flex e-con e-child\" data-id=\"10e64fb\" data-element_type=\"container\">\n\t\t\t\t<div class=\"elementor-element elementor-element-e96cdd2 elementor-widget elementor-widget-text-editor\" data-id=\"e96cdd2\" data-element_type=\"widget\" data-widget_type=\"text-editor.default\">\n\t\t\t\t<div class=\"elementor-widget-container\">\n\t\t\t<style>\/*! elementor - v3.20.0 - 26-03-2024 *\/\n.elementor-widget-text-editor.elementor-drop-cap-view-stacked .elementor-drop-cap{background-color:#69727d;color:#fff}.elementor-widget-text-editor.elementor-drop-cap-view-framed .elementor-drop-cap{color:#69727d;border:3px solid;background-color:transparent}.elementor-widget-text-editor:not(.elementor-drop-cap-view-default) .elementor-drop-cap{margin-top:8px}.elementor-widget-text-editor:not(.elementor-drop-cap-view-default) .elementor-drop-cap-letter{width:1em;height:1em}.elementor-widget-text-editor .elementor-drop-cap{float:left;text-align:center;line-height:1;font-size:50px}.elementor-widget-text-editor .elementor-drop-cap-letter{display:inline-block}<\/style>\t\t\t\t<p>La n\u00e9ophobie alimentaire chez les enfants est un ph\u00e9nom\u00e8ne complexe qui se manifeste par une r\u00e9ticence ou un rejet des aliments nouveaux. D\u00e8s l&#8217;\u00e2ge de 18\/24 mois, de nombreux enfants pr\u00e9sentent une aversion \u00e0 l&#8217;\u00e9gard des aliments qu&#8217;ils ne reconnaissent pas comme familiers. Cette r\u00e9action n&#8217;est pas un simple caprice, mais plut\u00f4t une phase normale de d\u00e9veloppement appel\u00e9e &#8220;n\u00e9ophobie alimentaire&#8221;.<\/p><p>Cette crainte des aliments inconnus est en fait un m\u00e9canisme d&#8217;adaptation et de pr\u00e9servation contre d&#8217;\u00e9ventuelles substances toxiques. Les enfants peuvent manifester cette n\u00e9ophobie de diff\u00e9rentes mani\u00e8res. Certains refusent cat\u00e9goriquement de go\u00fbter aux nouveaux aliments, tandis que d&#8217;autres montrent une r\u00e9ticence \u00e0 essayer mais peuvent \u00eatre encourag\u00e9s \u00e0 le faire.<\/p>\t\t\t\t\t\t<\/div>\n\t\t\t\t<\/div>\n\t\t\t\t<\/div>\n\t\t\t\t\t<\/div>\n\t\t\t\t<\/div>\n\t\t<div class=\"elementor-element elementor-element-2d48243 e-flex e-con-boxed e-con e-parent\" data-id=\"2d48243\" data-element_type=\"container\" data-settings=\"{&quot;background_background&quot;:&quot;classic&quot;}\" data-core-v316-plus=\"true\">\n\t\t\t\t\t<div class=\"e-con-inner\">\n\t\t\t\t<div class=\"elementor-element elementor-element-0aa0e0b elementor-widget elementor-widget-heading\" data-id=\"0aa0e0b\" data-element_type=\"widget\" data-widget_type=\"heading.default\">\n\t\t\t\t<div class=\"elementor-widget-container\">\n\t\t\t<h2 class=\"elementor-heading-title elementor-size-default\">Les signes de la n\u00e9ophobie alimentaire : <br>Pourquoi mon enfant refuse de manger ? <\/h2>\t\t<\/div>\n\t\t\t\t<\/div>\n\t\t\t\t\t<\/div>\n\t\t\t\t<\/div>\n\t\t<div class=\"elementor-element elementor-element-f00a468 e-flex e-con-boxed e-con e-parent\" data-id=\"f00a468\" data-element_type=\"container\" data-settings=\"{&quot;background_background&quot;:&quot;gradient&quot;}\" data-core-v316-plus=\"true\">\n\t\t\t\t\t<div class=\"e-con-inner\">\n\t\t<div class=\"elementor-element elementor-element-038620b e-con-full e-flex e-con e-child\" data-id=\"038620b\" data-element_type=\"container\">\n\t\t\t\t<div class=\"elementor-element elementor-element-e89da37 elementor-widget elementor-widget-text-editor\" data-id=\"e89da37\" data-element_type=\"widget\" data-widget_type=\"text-editor.default\">\n\t\t\t\t<div class=\"elementor-widget-container\">\n\t\t\t\t\t\t\t<p>Le comportement de l&#8217;enfant en phase de n\u00e9ophobie alimentaire peut varier en intensit\u00e9. Certains enfants peuvent \u00eatre plus flexibles, montrant une r\u00e9ticence \u00e0 essayer de nouveaux aliments mais explorant tout de m\u00eame leur assiette. D&#8217;autres manifestent un rejet total des aliments nouveaux par :\u00a0<\/p><ul><li>Refuse d\u2019ouvrir la bouche face \u00e0 des aliments ;<\/li><li>Tourne la t\u00eate d\u00e8s qu\u2019un adulte tend un aliment ;<\/li><li>Refuse tout aliment sans m\u00eame l\u2019avoir go\u00fbt\u00e9 ;<\/li><li>Ne supporte pas que les aliments soient m\u00e9lang\u00e9s ;<\/li><li>Recrache les aliments, voire les vomis;<\/li><li>Fait durer inlassablement les repas en touchant les aliments avec les couverts mais sans les manger<\/li><\/ul><p>Si l&#8217;enfants ne pr\u00e9sente pas ses signes de fa\u00e7on r\u00e9p\u00e9titifs et r\u00e9guli\u00e8res, on ne peux peut \u00eatre pas parler de n\u00e9ophobie alimentaire<\/p>\t\t\t\t\t\t<\/div>\n\t\t\t\t<\/div>\n\t\t\t\t<\/div>\n\t\t<div class=\"elementor-element elementor-element-f4eb480 e-con-full e-flex e-con e-child\" data-id=\"f4eb480\" data-element_type=\"container\">\n\t\t\t\t<div class=\"elementor-element elementor-element-ab57fa8 elementor-widget elementor-widget-image\" data-id=\"ab57fa8\" data-element_type=\"widget\" data-widget_type=\"image.default\">\n\t\t\t\t<div class=\"elementor-widget-container\">\n\t\t\t\t\t\t\t\t\t\t\t\t\t<img decoding=\"async\" width=\"500\" height=\"800\" src=\"https:\/\/l-enfant-et-la-neophobie.cl-sites-creation.fr\/wp-content\/uploads\/2024\/04\/image-signes-2.png\" class=\"attachment-large size-large wp-image-285\" alt=\"\" srcset=\"https:\/\/l-enfant-et-la-neophobie.cl-sites-creation.fr\/wp-content\/uploads\/2024\/04\/image-signes-2.png 500w, https:\/\/l-enfant-et-la-neophobie.cl-sites-creation.fr\/wp-content\/uploads\/2024\/04\/image-signes-2-188x300.png 188w\" sizes=\"(max-width: 500px) 100vw, 500px\" \/>\t\t\t\t\t\t\t\t\t\t\t\t\t<\/div>\n\t\t\t\t<\/div>\n\t\t\t\t<\/div>\n\t\t\t\t\t<\/div>\n\t\t\t\t<\/div>\n\t\t<div class=\"elementor-element elementor-element-981f705 e-flex e-con-boxed e-con e-parent\" data-id=\"981f705\" data-element_type=\"container\" data-settings=\"{&quot;background_background&quot;:&quot;classic&quot;}\" data-core-v316-plus=\"true\">\n\t\t\t\t\t<div class=\"e-con-inner\">\n\t\t<div class=\"elementor-element elementor-element-58cc979 e-con-full e-flex e-con e-child\" data-id=\"58cc979\" data-element_type=\"container\">\n\t\t\t\t<div class=\"elementor-element elementor-element-a33078d elementor-widget__width-initial elementor-widget elementor-widget-heading\" data-id=\"a33078d\" data-element_type=\"widget\" data-widget_type=\"heading.default\">\n\t\t\t\t<div class=\"elementor-widget-container\">\n\t\t\t<h2 class=\"elementor-heading-title elementor-size-default\">Lutter contre la n\u00e9ophobie alimentaire :\n<br>\nConseils pour que mon enfant accepte de manger <\/h2>\t\t<\/div>\n\t\t\t\t<\/div>\n\t\t\t\t<\/div>\n\t\t\t\t\t<\/div>\n\t\t\t\t<\/div>\n\t\t<div class=\"elementor-element elementor-element-f324925 e-con-full e-flex e-con e-parent\" data-id=\"f324925\" data-element_type=\"container\" data-settings=\"{&quot;background_background&quot;:&quot;gradient&quot;}\" data-core-v316-plus=\"true\">\n\t\t<div class=\"elementor-element elementor-element-0bd2099 e-con-full e-flex e-con e-child\" data-id=\"0bd2099\" data-element_type=\"container\">\n\t\t\t\t<div class=\"elementor-element elementor-element-551f77d elementor-widget elementor-widget-image\" data-id=\"551f77d\" data-element_type=\"widget\" data-widget_type=\"image.default\">\n\t\t\t\t<div class=\"elementor-widget-container\">\n\t\t\t\t\t\t\t\t\t\t\t\t\t<img decoding=\"async\" width=\"500\" height=\"1000\" src=\"https:\/\/l-enfant-et-la-neophobie.cl-sites-creation.fr\/wp-content\/uploads\/2024\/04\/conseils.png\" class=\"attachment-large size-large wp-image-287\" alt=\"\" srcset=\"https:\/\/l-enfant-et-la-neophobie.cl-sites-creation.fr\/wp-content\/uploads\/2024\/04\/conseils.png 500w, https:\/\/l-enfant-et-la-neophobie.cl-sites-creation.fr\/wp-content\/uploads\/2024\/04\/conseils-150x300.png 150w\" sizes=\"(max-width: 500px) 100vw, 500px\" \/>\t\t\t\t\t\t\t\t\t\t\t\t\t<\/div>\n\t\t\t\t<\/div>\n\t\t\t\t<\/div>\n\t\t\t\t<div class=\"elementor-element elementor-element-ebe5c02 elementor-widget elementor-widget-text-editor\" data-id=\"ebe5c02\" data-element_type=\"widget\" data-widget_type=\"text-editor.default\">\n\t\t\t\t<div class=\"elementor-widget-container\">\n\t\t\t\t\t\t\t<p>Voici quelques conseils pour que tous les repas se d\u00e9roulent au mieux.<\/p><p><strong>\u2022 Leur proposer de go\u00fbter un tout petit bout.<\/strong><br \/>&#8220;Si on force l\u2019enfant \u00e0 manger ou m\u00eame \u00e0 go\u00fbter un aliment cela devient contre productif&#8221;.\u00a0 Le but est de proposer de go\u00fbter un minuscule bout de l\u2019aliment concern\u00e9, une partie vraiment infime. Car quand on demande \u00e0 un enfant de go\u00fbter son plat, il comprend plut\u00f4t \u00ab mange ton plat \u00bb. Si, en revanche, vous lui d\u00e9coupez un tout petit bout, il comprend r\u00e9ellement qu\u2019il s\u2019agit bien de go\u00fbter le morceau et non de tout manger.<\/p><p><strong>\u2022 Les laisser explorer la nourriture<\/strong><br \/>On dit souvent aux enfants \u00ab C\u2019est pas bien de jouer avec la nourriture\u00a0\u00bb. Pourtant beaucoup d\u2019enfants ont besoin de passer par une phase exploratoire importante : touiller, tripoter, sentir, enfoncer ses doigts dans l\u2019aliment pour enfin accepter de le mettre en bouche<\/p><p><strong>\u2022 Se servir de l\u2019imitation<\/strong><br \/>L&#8217;imitation est un m\u00e9canisme d\u2019apprentissage. Servez vous en ! Un enfant refuse un aliment ? Faites le gouter aux autres ! S\u2019il voit ses camarades le mettre en bouche ou vous meme, il peut alors \u00eatre incit\u00e9 \u00e0 en faire autant.<\/p><p><strong>\u2022 Ajouter de la familiarit\u00e9<\/strong><br \/>Si vous avez la possibilit\u00e9 de le faire, ajoutez un aliment connu dans son assiette.\u00a0Il ne reconna\u00eet pas un l\u00e9gume dans son assiette et refuse de le manger\u00a0? Ajoutez par exemple du gruy\u00e8re, qu\u2019il appr\u00e9cie et conna\u00eet d\u00e9j\u00e0. Il sera alors plus enclin \u00e0 go\u00fbter le nouvel aliment.<\/p><p><strong>\u2022 Les faire participer \u00e0 la pr\u00e9paration du repas<\/strong><br \/>En effet, pendant la pr\u00e9paration d\u2019une recette, ils se familiarisent avec les aliments. Ils les touchent, les sentent, se l\u00e8chent les doigts\u2026 Cela leur permet de r\u00e9aliser la phase exploratoire. Au moment du repas, ils mangeront alors plus facilement les aliments nouveaux qu\u2019ils ont pr\u00e9par\u00e9s eux-m\u00eames.<\/p>\t\t\t\t\t\t<\/div>\n\t\t\t\t<\/div>\n\t\t\t\t<\/div>\n\t\t\t\t<\/div>\n\t\t","protected":false},"excerpt":{"rendered":"<p>Qu\u2019est-ce que la n\u00e9ophobie alimentaire chez l&#8217;enfant ? La n\u00e9ophobie alimentaire chez les enfants est un ph\u00e9nom\u00e8ne complexe qui se [&hellip;]<\/p>\n","protected":false},"author":2,"featured_media":0,"parent":0,"menu_order":0,"comment_status":"closed","ping_status":"closed","template":"","meta":{"site-sidebar-layout":"no-sidebar","site-content-layout":"","ast-site-content-layout":"full-width-container","site-content-style":"default","site-sidebar-style":"default","ast-global-header-display":"","ast-banner-title-visibility":"","ast-main-header-display":"","ast-hfb-above-header-display":"","ast-hfb-below-header-display":"","ast-hfb-mobile-header-display":"","site-post-title":"disabled","ast-breadcrumbs-content":"","ast-featured-img":"disabled","footer-sml-layout":"","theme-transparent-header-meta":"","adv-header-id-meta":"","stick-header-meta":"","header-above-stick-meta":"","header-main-stick-meta":"","header-below-stick-meta":"","astra-migrate-meta-layouts":"default","ast-page-background-enabled":"default","ast-page-background-meta":{"desktop":{"background-color":"var(--ast-global-color-4)","background-image":"","background-repeat":"repeat","background-position":"center center","background-size":"auto","background-attachment":"scroll","background-type":"","background-media":"","overlay-type":"","overlay-color":"","overlay-gradient":""},"tablet":{"background-color":"","background-image":"","background-repeat":"repeat","background-position":"center center","background-size":"auto","background-attachment":"scroll","background-type":"","background-media":"","overlay-type":"","overlay-color":"","overlay-gradient":""},"mobile":{"background-color":"","background-image":"","background-repeat":"repeat","background-position":"center center","background-size":"auto","background-attachment":"scroll","background-type":"","background-media":"","overlay-type":"","overlay-color":"","overlay-gradient":""}},"ast-content-background-meta":{"desktop":{"background-color":"var(--ast-global-color-5)","background-image":"","background-repeat":"repeat","background-position":"center center","background-size":"auto","background-attachment":"scroll","background-type":"","background-media":"","overlay-type":"","overlay-color":"","overlay-gradient":""},"tablet":{"background-color":"var(--ast-global-color-5)","background-image":"","background-repeat":"repeat","background-position":"center center","background-size":"auto","background-attachment":"scroll","background-type":"","background-media":"","overlay-type":"","overlay-color":"","overlay-gradient":""},"mobile":{"background-color":"var(--ast-global-color-5)","background-image":"","background-repeat":"repeat","background-position":"center center","background-size":"auto","background-attachment":"scroll","background-type":"","background-media":"","overlay-type":"","overlay-color":"","overlay-gradient":""}},"footnotes":""},"class_list":["post-184","page","type-page","status-publish","hentry"],"_links":{"self":[{"href":"https:\/\/l-enfant-et-la-neophobie.cl-sites-creation.fr\/index.php\/wp-json\/wp\/v2\/pages\/184","targetHints":{"allow":["GET"]}}],"collection":[{"href":"https:\/\/l-enfant-et-la-neophobie.cl-sites-creation.fr\/index.php\/wp-json\/wp\/v2\/pages"}],"about":[{"href":"https:\/\/l-enfant-et-la-neophobie.cl-sites-creation.fr\/index.php\/wp-json\/wp\/v2\/types\/page"}],"author":[{"embeddable":true,"href":"https:\/\/l-enfant-et-la-neophobie.cl-sites-creation.fr\/index.php\/wp-json\/wp\/v2\/users\/2"}],"replies":[{"embeddable":true,"href":"https:\/\/l-enfant-et-la-neophobie.cl-sites-creation.fr\/index.php\/wp-json\/wp\/v2\/comments?post=184"}],"version-history":[{"count":71,"href":"https:\/\/l-enfant-et-la-neophobie.cl-sites-creation.fr\/index.php\/wp-json\/wp\/v2\/pages\/184\/revisions"}],"predecessor-version":[{"id":290,"href":"https:\/\/l-enfant-et-la-neophobie.cl-sites-creation.fr\/index.php\/wp-json\/wp\/v2\/pages\/184\/revisions\/290"}],"wp:attachment":[{"href":"https:\/\/l-enfant-et-la-neophobie.cl-sites-creation.fr\/index.php\/wp-json\/wp\/v2\/media?parent=184"}],"curies":[{"name":"wp","href":"https:\/\/api.w.org\/{rel}","templated":true}]}}